{"id":9,"date":"2017-07-21T14:20:01","date_gmt":"2017-07-21T12:20:01","guid":{"rendered":"http:\/\/anaismargarit.com\/?page_id=9"},"modified":"2019-09-23T15:26:48","modified_gmt":"2019-09-23T13:26:48","slug":"contact","status":"publish","type":"page","link":"https:\/\/anaismargarit.com\/index.php\/contact\/","title":{"rendered":"Contact"},"content":{"rendered":"<p><strong><img loading=\"lazy\" decoding=\"async\" class=\"aligncenter size-full wp-image-136\" src=\"http:\/\/anaismargarit.com\/wp-content\/uploads\/2017\/07\/anais-margarit_Psychologue_soissons_aisne_picardiejpg.png\" alt=\"\" width=\"2000\" height=\"382\" srcset=\"https:\/\/anaismargarit.com\/wp-content\/uploads\/2017\/07\/anais-margarit_Psychologue_soissons_aisne_picardiejpg.png 2000w, https:\/\/anaismargarit.com\/wp-content\/uploads\/2017\/07\/anais-margarit_Psychologue_soissons_aisne_picardiejpg-300x57.png 300w, https:\/\/anaismargarit.com\/wp-content\/uploads\/2017\/07\/anais-margarit_Psychologue_soissons_aisne_picardiejpg-768x147.png 768w, https:\/\/anaismargarit.com\/wp-content\/uploads\/2017\/07\/anais-margarit_Psychologue_soissons_aisne_picardiejpg-1024x196.png 1024w\" sizes=\"auto, (max-width: 767px) 89vw, (max-width: 1000px) 54vw, (max-width: 1071px) 543px, 580px\" \/><br \/>\n<span style=\"color: #f2a81a;\">Ana\u00efs Margarit<\/span><\/strong><span style=\"color: #0a4a96;\">, psychologue sp\u00e9cialis\u00e9e en neuropsychologie.<\/span><\/p>\n<p><span style=\"color: #f2a81a;\"><strong>Pour me joindre\u00a0<\/strong><\/span><br \/>\n<span style=\"color: #0a4a96;\"> T\u00e9l\u00e9phone\u00a0: 06.49.60.08.00<\/span><\/p>\n<p><span style=\"color: #f1a81d;\"><strong>Retrouvez moi aussi sur<span style=\"color: #014a97;\"><br \/>\n<\/span><\/strong><\/span><span style=\"color: #f1a81d;\"><strong><span style=\"color: #014a97;\"><a href=\"https:\/\/www.facebook.com\/anaismargarit.psychologue.neuropsychologue\/\"><img loading=\"lazy\" decoding=\"async\" class=\"size-full wp-image-193 alignleft\" src=\"http:\/\/anaismargarit.com\/wp-content\/uploads\/2017\/07\/facebook_anais_margarit_psychologue_soissons_aisne.jpg\" alt=\"\" width=\"43\" height=\"43\" \/><br \/>\n<\/a><\/span><\/strong><\/span><span style=\"color: #0a4a96;\"><strong><span style=\"color: #f2a81a;\"><br \/>\n<\/span><\/strong><\/span><\/p>\n<p><span style=\"color: #0a4a96;\"><strong><span style=\"color: #f2a81a;\">O\u00f9 se trouve mon cabinet ?<\/span><br \/>\n<\/strong>11 rue de la r\u00e9publique \u00a002200 SOISSONS<br \/>\n<strong>Consultations uniquement sur rendez-vous.<br \/>\n<\/strong><\/span><\/p>\n<p><iframe loading=\"lazy\" src=\"https:\/\/www.google.com\/maps\/embed?pb=!1m18!1m12!1m3!1d2597.727624020087!2d3.329914254475239!3d49.3762265834261!2m3!1f0!2f0!3f0!3m2!1i1024!2i768!4f13.1!3m3!1m2!1s0x47e85eca2a0712df%3A0x4809dceafb57d182!2s11%20Place%20de%20la%20R%C3%A9publique%2C%2002200%20Soissons!5e0!3m2!1sfr!2sfr!4v1569245171202!5m2!1sfr!2sfr\" width=\"600\" height=\"450\" frameborder=\"0\" style=\"border:0;\" allowfullscreen=\"\"><\/iframe><\/p>\n<p><span style=\"color: #f2a81a;\"><strong>Pour prendre rendez-vous<\/strong><\/span><br \/>\n\n<div class=\"wpcf7 no-js\" id=\"wpcf7-f86-o1\" lang=\"fr-FR\" dir=\"ltr\" data-wpcf7-id=\"86\">\n<div class=\"screen-reader-response\"><p role=\"status\" aria-live=\"polite\" aria-atomic=\"true\"><\/p> <ul><\/ul><\/div>\n<form action=\"\/index.php\/wp-json\/wp\/v2\/pages\/9#wpcf7-f86-o1\" method=\"post\" class=\"wpcf7-form init\" aria-label=\"Contact form\" novalidate=\"novalidate\" data-status=\"init\">\n<fieldset class=\"hidden-fields-container\"><input type=\"hidden\" name=\"_wpcf7\" value=\"86\" \/><input type=\"hidden\" name=\"_wpcf7_version\" value=\"6.1.5\" \/><input type=\"hidden\" name=\"_wpcf7_locale\" value=\"fr_FR\" \/><input type=\"hidden\" name=\"_wpcf7_unit_tag\" value=\"wpcf7-f86-o1\" \/><input type=\"hidden\" name=\"_wpcf7_container_post\" value=\"0\" \/><input type=\"hidden\" name=\"_wpcf7_posted_data_hash\" value=\"\" \/>\n<\/fieldset>\n<p><label> Votre nom (obligatoire)<br \/>\n<span class=\"wpcf7-form-control-wrap\" data-name=\"your-name\"><input size=\"40\" maxlength=\"400\" class=\"wpcf7-form-control wpcf7-text wpcf7-validates-as-required\" aria-required=\"true\" aria-invalid=\"false\" value=\"\" type=\"text\" name=\"your-name\" \/><\/span> <\/label>\n<\/p>\n<p><label> Votre e-mail (obligatoire)<br \/>\n<span class=\"wpcf7-form-control-wrap\" data-name=\"your-email\"><input size=\"40\" maxlength=\"400\" class=\"wpcf7-form-control wpcf7-email wpcf7-validates-as-required wpcf7-text wpcf7-validates-as-email\" aria-required=\"true\" aria-invalid=\"false\" value=\"\" type=\"email\" name=\"your-email\" \/><\/span> <\/label>\n<\/p>\n<p><label> Sujet<br \/>\n<span class=\"wpcf7-form-control-wrap\" data-name=\"your-subject\"><input size=\"40\" maxlength=\"400\" class=\"wpcf7-form-control wpcf7-text\" aria-invalid=\"false\" value=\"\" type=\"text\" name=\"your-subject\" \/><\/span> <\/label>\n<\/p>\n<p><label> Votre message<br \/>\n<span class=\"wpcf7-form-control-wrap\" data-name=\"your-message\"><textarea cols=\"40\" rows=\"10\" maxlength=\"2000\" class=\"wpcf7-form-control wpcf7-textarea\" aria-invalid=\"false\" name=\"your-message\"><\/textarea><\/span> <\/label>\n<\/p>\n<p><input class=\"wpcf7-form-control wpcf7-submit has-spinner\" type=\"submit\" value=\"Envoyer\" \/>\n<\/p><div class=\"wpcf7-response-output\" aria-hidden=\"true\"><\/div>\n<\/form>\n<\/div>\n<\/p>\n<p>&nbsp;<\/p>\n","protected":false},"excerpt":{"rendered":"<p>Ana\u00efs Margarit, psychologue sp\u00e9cialis\u00e9e en neuropsychologie. Pour me joindre\u00a0 T\u00e9l\u00e9phone\u00a0: 06.49.60.08.00 Retrouvez moi aussi sur O\u00f9 se trouve mon cabinet ? 11 rue de la r\u00e9publique \u00a002200 SOISSONS Consultations uniquement sur rendez-vous. Pour prendre rendez-vous &nbsp;<\/p>\n","protected":false},"author":1,"featured_media":0,"parent":0,"menu_order":0,"comment_status":"closed","ping_status":"closed","template":"","meta":{"footnotes":""},"class_list":["post-9","page","type-page","status-publish","hentry"],"_links":{"self":[{"href":"https:\/\/anaismargarit.com\/index.php\/wp-json\/wp\/v2\/pages\/9","targetHints":{"allow":["GET"]}}],"collection":[{"href":"https:\/\/anaismargarit.com\/index.php\/wp-json\/wp\/v2\/pages"}],"about":[{"href":"https:\/\/anaismargarit.com\/index.php\/wp-json\/wp\/v2\/types\/page"}],"author":[{"embeddable":true,"href":"https:\/\/anaismargarit.com\/index.php\/wp-json\/wp\/v2\/users\/1"}],"replies":[{"embeddable":true,"href":"https:\/\/anaismargarit.com\/index.php\/wp-json\/wp\/v2\/comments?post=9"}],"version-history":[{"count":0,"href":"https:\/\/anaismargarit.com\/index.php\/wp-json\/wp\/v2\/pages\/9\/revisions"}],"wp:attachment":[{"href":"https:\/\/anaismargarit.com\/index.php\/wp-json\/wp\/v2\/media?parent=9"}],"curies":[{"name":"wp","href":"https:\/\/api.w.org\/{rel}","templated":true}]}}